{"id":18,"date":"2023-03-12T09:22:19","date_gmt":"2023-03-12T09:22:19","guid":{"rendered":"https:\/\/www.vdhkastel.de\/?page_id=18"},"modified":"2024-03-25T14:34:31","modified_gmt":"2024-03-25T13:34:31","slug":"spenden","status":"publish","type":"page","link":"https:\/\/www.vdhkastel.de\/?page_id=18","title":{"rendered":"Soziales Engagement"},"content":{"rendered":"\n<h2 class=\"wp-block-heading\">Gemeinn\u00fctzige Aktivit\u00e4ten des VdH Kastel<\/h2>\n\n\n\n<p>Der VdH Kastel ist nicht nur ein Hundeverein, der sich der Hundesportf\u00f6rderung verschrieben hat, sondern wir engagieren uns auch in gemeinn\u00fctzigen Aktivit\u00e4ten. Wir sind stolz, einen positiven Einfluss auf unsere Gesellschaft nehmen zu k\u00f6nnen und unsere Erfahrungen und Kompetenzen im Zusammenspiel zwischen Mensch und Hund einzusetzen.<\/p>\n\n\n\n<p><strong>Hundegew\u00f6hnung f\u00fcr Kinder im Kindergarten und dar\u00fcber Hinaus <\/strong><\/p>\n\n\n\n<div class=\"wp-block-columns is-layout-flex wp-container-core-columns-is-layout-9d6595d7 wp-block-columns-is-layout-flex\">\n<div class=\"wp-block-column is-layout-flow wp-block-column-is-layout-flow\" style=\"flex-basis:50%\">\n<figure class=\"wp-block-image size-full\"><img loading=\"lazy\" decoding=\"async\" width=\"945\" height=\"584\" src=\"https:\/\/www.vdhkastel.de\/wp-content\/uploads\/2024\/03\/image-1.png\" alt=\"\" class=\"wp-image-169\" srcset=\"https:\/\/www.vdhkastel.de\/wp-content\/uploads\/2024\/03\/image-1.png 945w, https:\/\/www.vdhkastel.de\/wp-content\/uploads\/2024\/03\/image-1-300x185.png 300w, https:\/\/www.vdhkastel.de\/wp-content\/uploads\/2024\/03\/image-1-768x475.png 768w\" sizes=\"auto, (max-width: 945px) 100vw, 945px\" \/><\/figure>\n<\/div>\n\n\n\n<div class=\"wp-block-column is-layout-flow wp-block-column-is-layout-flow\" style=\"flex-basis:50%\">\n<p>Wir glauben daran, dass ein harmonisches Miteinander von Mensch und Hund<br>fr\u00fchzeitig gef\u00f6rdert werden sollte. Deshalb bieten wir in Zusammenarbeit mit \u00f6rtlichen<br>Kinderg\u00e4rten ein spezielles Programm zur Hundegew\u00f6hnung f\u00fcr Vorschulkinder an.<br>In spielerischer Form lernen die Kinder den respektvollen Umgang mit Hunden und<br>Grundregeln des Zusammenlebens, sowie das richtige Verhalten in der Gegenwart<br>von Hunden. Unsere erfahrenen Hundehalter begleiten die Begegnungen zwischen<br>den Kindern und unseren gutm\u00fctigen und speziell daf\u00fcr ausgebildeten Vierbeinern,<br>um eine positive und sichere Erfahrung zu gew\u00e4hrleisten.<\/p>\n<\/div>\n<\/div>\n\n\n\n<p><strong>Gemeinsam f\u00fcr Mensch und Hund<\/strong><\/p>\n\n\n\n<p>Bei all unseren gemeinn\u00fctzigen Aktivit\u00e4ten steht das Wohl von Mensch und Hund im<br>Mittelpunkt. Wir setzen uns leidenschaftlich daf\u00fcr ein, die Beziehung zwischen<br>Mensch und Hund zu st\u00e4rken und ein verantwortungsbewusstes Miteinander zu<br>f\u00f6rdern. Durch unsere Aktivit\u00e4ten und Veranstaltungen m\u00f6chten wir ein Bewusstsein<\/p>\n\n\n\n<p>f\u00fcr den Wert und die Bedeutung einer positiven Beziehung zwischen Mensch und<br>Hund schaffen, das gleichzeitig beidseitige Bed\u00fcrfnisse respektiert.<br>Dies zeigt sich beispielweise auch bei unserer j\u00e4hrlichen Unterst\u00fctzung im Juli bei<br>dem Fahrradtag der Polizei Mainz, an der Mewa Arena in Mainz.<br>Hier durchlaufen Kinder mit ihren Fahrr\u00e4dern einen Parcours, die Hunde halten<br>hektische Bewegungen aus, kommen jedoch auch mit den Kindern in einen engen<br>Kontakt und durch den Verein ist f\u00fcr das leibliche Wohl aller gesorgt.<br>Unsere gemeinn\u00fctzigen Aktivit\u00e4ten sind ein integraler Bestandteil unserer<br>Vereinsphilosophie und wir sind dankbar f\u00fcr die M\u00f6glichkeit, einen positiven Beitrag<br>in unserer Gemeinschaft zu leisten.<\/p>\n\n\n\n<p>Hinweis: Die genauen Informationen zu den Angeboten, Terminen und<br>Voraussetzungen f\u00fcr die genannten gemeinn\u00fctzigen Aktivit\u00e4ten erhalten Sie direkt<br>von uns.<\/p>\n\n\n\n<p><br><\/p>\n","protected":false},"excerpt":{"rendered":"<p>Gemeinn\u00fctzige Aktivit\u00e4ten des VdH Kastel Der VdH Kastel ist nicht nur ein Hundeverein, der sich der Hundesportf\u00f6rderung verschrieben hat, sondern<\/p>\n","protected":false},"author":1,"featured_media":0,"parent":0,"menu_order":0,"comment_status":"closed","ping_status":"closed","template":"","meta":{"footnotes":""},"class_list":["post-18","page","type-page","status-publish","hentry"],"_links":{"self":[{"href":"https:\/\/www.vdhkastel.de\/index.php?rest_route=\/wp\/v2\/pages\/18","targetHints":{"allow":["GET"]}}],"collection":[{"href":"https:\/\/www.vdhkastel.de\/index.php?rest_route=\/wp\/v2\/pages"}],"about":[{"href":"https:\/\/www.vdhkastel.de\/index.php?rest_route=\/wp\/v2\/types\/page"}],"author":[{"embeddable":true,"href":"https:\/\/www.vdhkastel.de\/index.php?rest_route=\/wp\/v2\/users\/1"}],"replies":[{"embeddable":true,"href":"https:\/\/www.vdhkastel.de\/index.php?rest_route=%2Fwp%2Fv2%2Fcomments&post=18"}],"version-history":[{"count":7,"href":"https:\/\/www.vdhkastel.de\/index.php?rest_route=\/wp\/v2\/pages\/18\/revisions"}],"predecessor-version":[{"id":170,"href":"https:\/\/www.vdhkastel.de\/index.php?rest_route=\/wp\/v2\/pages\/18\/revisions\/170"}],"wp:attachment":[{"href":"https:\/\/www.vdhkastel.de\/index.php?rest_route=%2Fwp%2Fv2%2Fmedia&parent=18"}],"curies":[{"name":"wp","href":"https:\/\/api.w.org\/{rel}","templated":true}]}}