{"id":16,"date":"2023-03-12T09:22:19","date_gmt":"2023-03-12T09:22:19","guid":{"rendered":"https:\/\/www.vdhkastel.de\/?page_id=16"},"modified":"2024-12-19T19:49:56","modified_gmt":"2024-12-19T18:49:56","slug":"welpenschule","status":"publish","type":"page","link":"https:\/\/www.vdhkastel.de\/?page_id=16","title":{"rendered":"Gehorsam &#038; Unterordnung"},"content":{"rendered":"\n<div class=\"wp-block-columns is-layout-flex wp-container-core-columns-is-layout-9d6595d7 wp-block-columns-is-layout-flex\">\n<div class=\"wp-block-column is-layout-flow wp-block-column-is-layout-flow\" style=\"flex-basis:50%\">\n<div class=\"wp-block-group\"><div class=\"wp-block-group__inner-container is-layout-constrained wp-block-group-is-layout-constrained\">\n<div class=\"wp-block-columns is-layout-flex wp-container-core-columns-is-layout-9d6595d7 wp-block-columns-is-layout-flex\">\n<div class=\"wp-block-column is-layout-flow wp-block-column-is-layout-flow\">\n<p>Neben der w\u00f6chentlichen Welpenstunde bieten wir auch ein regelm\u00e4\u00dfiges Gehorsamstraining in Form von Einzelunterricht an. Dieses individuelle Training ist perfekt geeignet, um auf die spezifischen Bed\u00fcrfnisse und Herausforderungen jedes Hundes einzugehen. Ob es um das Festigen der Grundkommandos, das Verhalten in schwierigen Situationen oder das Training f\u00fcr spezielle Hundesportarten geht \u2013 unsere erfahrenen HundetrainerInnen stehen Ihnen und Ihrem Hund zur Seite.<br>Durch eigene Erfahrungen und Lernerfolge, leiten sie mit Herz und Seele ihre \u201eSch\u00fctzlinge\u201c an.<\/p>\n<\/div>\n<\/div>\n<\/div><\/div>\n<\/div>\n\n\n\n<div class=\"wp-block-column is-layout-flow wp-block-column-is-layout-flow\" style=\"flex-basis:50%\">\n<figure class=\"wp-block-image size-full is-resized\"><img loading=\"lazy\" decoding=\"async\" width=\"584\" height=\"508\" src=\"https:\/\/www.vdhkastel.de\/wp-content\/uploads\/2024\/03\/image.png\" alt=\"\" class=\"wp-image-160\" style=\"aspect-ratio:0.75;object-fit:cover;width:348px;height:auto\" srcset=\"https:\/\/www.vdhkastel.de\/wp-content\/uploads\/2024\/03\/image.png 584w, https:\/\/www.vdhkastel.de\/wp-content\/uploads\/2024\/03\/image-300x261.png 300w\" sizes=\"auto, (max-width: 584px) 100vw, 584px\" \/><\/figure>\n<\/div>\n<\/div>\n\n\n\n<p>Auch eine Vorbereitung f\u00fcr die Begleithundepr\u00fcfung ist hier m\u00f6glich, sowie weitere vertiefende Elemente der Impulskontrolle, des Schn\u00fcffeltrainings oder der 1A Unterordnung auch beispielsweise f\u00fcr Hundesportwettk\u00e4mpfe.<\/p>\n\n\n\n<p>Bitte beachten Sie, dass der VdH Kastel keine Hundeschule ist. Obwohl wir f\u00fcr Vereinsmitglieder Trainings und einen Welpenkurs anbieten, liegt unser Hauptaugenmerk auf der Aus- und Fortbildung von Hunden und HalterInnen f\u00fcr den Hundesport oder Pr\u00fcfungen. Unsere Angebote konzentrieren sich auf die F\u00f6rderung von Sportdisziplinen und die St\u00e4rkung der Beziehung zwischen Hund und Hundef\u00fchrerIn. Bei Bedarf vermitteln wir gerne Informationen zu \u00f6rtlichen Hundeschulen f\u00fcr problematische Erziehungsfragen.<\/p>\n\n\n\n<p><em>Hinweis: Der Gehorsamkeitsunterricht findet jeden Donnerstag von 18:00-20:00 Uhr auf dem Platz des Vereinsgel\u00e4ndes statt. F\u00fcr weitere Informationen schreiben Sie uns bitte eine Nachricht \u00fcber das Kontaktformular.<\/em><\/p>\n","protected":false},"excerpt":{"rendered":"<p>Neben der w\u00f6chentlichen Welpenstunde bieten wir auch ein regelm\u00e4\u00dfiges Gehorsamstraining in Form von Einzelunterricht an. Dieses individuelle Training ist perfekt<\/p>\n","protected":false},"author":1,"featured_media":0,"parent":0,"menu_order":0,"comment_status":"closed","ping_status":"closed","template":"","meta":{"footnotes":""},"class_list":["post-16","page","type-page","status-publish","hentry"],"_links":{"self":[{"href":"https:\/\/www.vdhkastel.de\/index.php?rest_route=\/wp\/v2\/pages\/16","targetHints":{"allow":["GET"]}}],"collection":[{"href":"https:\/\/www.vdhkastel.de\/index.php?rest_route=\/wp\/v2\/pages"}],"about":[{"href":"https:\/\/www.vdhkastel.de\/index.php?rest_route=\/wp\/v2\/types\/page"}],"author":[{"embeddable":true,"href":"https:\/\/www.vdhkastel.de\/index.php?rest_route=\/wp\/v2\/users\/1"}],"replies":[{"embeddable":true,"href":"https:\/\/www.vdhkastel.de\/index.php?rest_route=%2Fwp%2Fv2%2Fcomments&post=16"}],"version-history":[{"count":12,"href":"https:\/\/www.vdhkastel.de\/index.php?rest_route=\/wp\/v2\/pages\/16\/revisions"}],"predecessor-version":[{"id":188,"href":"https:\/\/www.vdhkastel.de\/index.php?rest_route=\/wp\/v2\/pages\/16\/revisions\/188"}],"wp:attachment":[{"href":"https:\/\/www.vdhkastel.de\/index.php?rest_route=%2Fwp%2Fv2%2Fmedia&parent=16"}],"curies":[{"name":"wp","href":"https:\/\/api.w.org\/{rel}","templated":true}]}}